{"id":1365,"date":"2024-08-16T13:22:47","date_gmt":"2024-08-16T11:22:47","guid":{"rendered":"https:\/\/numaas.fr\/?page_id=1365"},"modified":"2024-08-26T09:25:58","modified_gmt":"2024-08-26T07:25:58","slug":"etudes-et-remediations","status":"publish","type":"page","link":"https:\/\/numaas.fr\/index.php\/etudes-et-remediations\/","title":{"rendered":"Etudes et rem\u00e9diations"},"content":{"rendered":"\n<div id=\"wp-block-themeisle-blocks-advanced-columns-2c60bc77\" class=\"wp-block-themeisle-blocks-advanced-columns alignfull has-1-columns has-desktop-equal-layout has-tablet-equal-layout has-mobile-collapsedRows-layout has-reverse-columns-mobile has-vertical-center ticss-c00aadba animated zoomIn slow\"><div class=\"wp-block-themeisle-blocks-advanced-columns-overlay\"><\/div><div class=\"innerblocks-wrap\">\n<div id=\"wp-block-themeisle-blocks-advanced-column-75b9263d\" class=\"wp-block-themeisle-blocks-advanced-column\">\n<p><\/p>\n\n\n\n<div class=\"wp-block-media-text has-media-on-the-right is-stacked-on-mobile animated backInDown slow\" style=\"grid-template-columns:auto 26%\"><div class=\"wp-block-media-text__content\">\n<h1 class=\"wp-block-heading has-nv-site-bg-color has-text-color has-link-color wp-elements-fa893d8be4118c16150e4b8cea2958d8\">Etudes et rem\u00e9diations<\/h1>\n<\/div><figure class=\"wp-block-media-text__media\"><img loading=\"lazy\" decoding=\"async\" width=\"428\" height=\"471\" src=\"http:\/\/numaas.fr\/wp-content\/uploads\/2024\/08\/LOGO-NOIR-SUR-BLANC-160x160px-PNG.png\" alt=\"\" class=\"wp-image-1427 size-full\" srcset=\"https:\/\/numaas.fr\/wp-content\/uploads\/2024\/08\/LOGO-NOIR-SUR-BLANC-160x160px-PNG.png 428w, https:\/\/numaas.fr\/wp-content\/uploads\/2024\/08\/LOGO-NOIR-SUR-BLANC-160x160px-PNG-273x300.png 273w\" sizes=\"auto, (max-width: 428px) 100vw, 428px\" \/><\/figure><\/div>\n\n\n\n<p id=\"wp-block-themeisle-blocks-advanced-heading-40ecd43d\" class=\"wp-block-themeisle-blocks-advanced-heading wp-block-themeisle-blocks-advanced-heading-40ecd43d animated backInDown slow\"><br>Pour faire le point sur l\u2019\u00e9tat de sant\u00e9 de votre SI d\u2019un point de vue r\u00e9glementaire et\/ou s\u00e9curitaire , et les rem\u00e9diations possibles ou n\u00e9cessaires pour atteindre une conformit\u00e9.<br><br>Voici les axes que je propose : <br><br><br><strong>Etude organisationnelle<\/strong><br><br>     &#8211; Efficacit\u00e9 des processus et am\u00e9liorations possible<br><br><br><strong>Proposition d\u2019alignement strat\u00e9gique<\/strong><br><br>     &#8211; Trouver un objectif commun entre les besoins IT et besoins M\u00e9tiers<br><br><br><strong>Etude conformit\u00e9 RGPD<\/strong><br><br>     &#8211; Actions d\u00e9j\u00e0 men\u00e9es et mise \u00e0 jour<br><br><br><strong>Etude conformit\u00e9 NIS2<\/strong><br><br>     &#8211; Constat de l\u2019existant et actions \u00e0 mener pour la conformit\u00e9<br><br><br><strong>Etude s\u00e9curit\u00e9 des SI<\/strong><br><br>     &#8211; Analyse de l\u2019architecture et des outils en place<br><br><br><br>N&#8217;h\u00e9sitez pas a me contacter pour affiner votre besoin. <br><br>Devis sur demande ! <\/p>\n\n\n\n<div class=\"wp-block-buttons is-content-justification-center is-layout-flex wp-container-core-buttons-is-layout-16018d1d wp-block-buttons-is-layout-flex\">\n<div class=\"wp-block-button is-style-primary\"><a class=\"wp-block-button__link wp-element-button\" href=\"https:\/\/numaas.fr\/index.php\/contact\/\">Contact<\/a><\/div>\n<\/div>\n<\/div>\n<\/div><\/div>\n\n\n\n<div class=\"wp-block-group alignfull has-background-color has-white-color has-black-background-color has-text-color has-background has-link-color wp-elements-f77e7b4a0a64d5fd06a2be3b0108b4ce is-vertical is-content-justification-center is-layout-flex wp-container-core-group-is-layout-8adbaf51 wp-block-group-is-layout-flex\" style=\"min-height:40vh;margin-top:0;margin-bottom:0;padding-top:var(--wp--preset--spacing--60);padding-right:var(--wp--preset--spacing--40);padding-bottom:var(--wp--preset--spacing--60);padding-left:var(--wp--preset--spacing--40)\">\n<div class=\"wp-block-columns alignwide has-small-font-size is-layout-flex wp-container-core-columns-is-layout-9d6595d7 wp-block-columns-is-layout-flex\">\n<div class=\"wp-block-column is-layout-flow wp-block-column-is-layout-flow\">\n<p class=\"has-text-align-center has-nv-site-bg-color has-text-color has-link-color wp-elements-d7b3c10dd81cf35a87fe1076196ddb70\">NumaaS<\/p>\n\n\n\n<p class=\"has-text-align-center has-nv-site-bg-color has-text-color has-link-color wp-elements-957abe6491366ccf2e02365f429f5c96\">Le Forum<br>33 Boulevard du G\u00e9n\u00e9ral Leclerc<br>06240 Beausoleil<\/p>\n\n\n\n<div style=\"height:24px\" aria-hidden=\"true\" class=\"wp-block-spacer\"><\/div>\n<\/div>\n\n\n\n<div class=\"wp-block-column has-nv-site-bg-color has-text-color has-link-color wp-elements-2d33abd1cee0032be9017516ea4cf5bb is-layout-flow wp-block-column-is-layout-flow\">\n<p class=\"has-text-align-center\">Pages<\/p>\n\n\n<nav class=\"has-small-font-size items-justified-center is-vertical no-wrap wp-block-navigation is-content-justification-center is-nowrap is-layout-flex wp-container-core-navigation-is-layout-685400d0 wp-block-navigation-is-layout-flex\" aria-label=\"marketing-agency-main-menu\"><ul class=\"wp-block-navigation__container has-small-font-size items-justified-center is-vertical no-wrap wp-block-navigation has-small-font-size\"><li class=\"has-small-font-size wp-block-navigation-item  menu-item menu-item-type-post_type menu-item-object-page menu-item-home wp-block-navigation-link\"><a class=\"wp-block-navigation-item__content\"  href=\"https:\/\/numaas.fr\/\" title=\"\"><span class=\"wp-block-navigation-item__label\">Home<\/span><\/a><\/li><li class=\"has-small-font-size wp-block-navigation-item wp-block-navigation-link\"><a class=\"wp-block-navigation-item__content\"  href=\"https:\/\/numaas.fr\/index.php\/a-propos\/\"><span class=\"wp-block-navigation-item__label\">A propos de moi<\/span><\/a><\/li><li class=\"has-small-font-size wp-block-navigation-item wp-block-navigation-link\"><a class=\"wp-block-navigation-item__content\"  href=\"https:\/\/numaas.fr\/index.php\/catalogue-de-service\/\"><span class=\"wp-block-navigation-item__label\">Catalogue de services<\/span><\/a><\/li><li class=\"has-small-font-size wp-block-navigation-item wp-block-navigation-link\"><a class=\"wp-block-navigation-item__content\"  href=\"https:\/\/numaas.fr\/index.php\/dsi\/\"><span class=\"wp-block-navigation-item__label\">DSI Partag\u00e9<\/span><\/a><\/li><li class=\"has-small-font-size wp-block-navigation-item wp-block-navigation-link\"><a class=\"wp-block-navigation-item__content\"  href=\"https:\/\/numaas.fr\/index.php\/assistance\/\"><span class=\"wp-block-navigation-item__label\">Assistance au Pilotage de la DSI<\/span><\/a><\/li><li class=\"has-small-font-size wp-block-navigation-item wp-block-navigation-link\"><a class=\"wp-block-navigation-item__content\"  href=\"https:\/\/numaas.fr\/index.php\/pmo\/\"><span class=\"wp-block-navigation-item__label\">PMO<\/span><\/a><\/li><li class=\"has-small-font-size wp-block-navigation-item wp-block-navigation-link\"><a class=\"wp-block-navigation-item__content\"  href=\"https:\/\/numaas.fr\/index.php\/chefferie-de-projet\/\"><span class=\"wp-block-navigation-item__label\">Chefferie de projet<\/span><\/a><\/li><li class=\"has-small-font-size wp-block-navigation-item wp-block-navigation-link\"><a class=\"wp-block-navigation-item__content\"  href=\"https:\/\/numaas.fr\/index.php\/etudes-et-remediations\/\"><span class=\"wp-block-navigation-item__label\">Etudes et rem\u00e9diations<\/span><\/a><\/li><li class=\"has-small-font-size wp-block-navigation-item wp-block-navigation-link\"><a class=\"wp-block-navigation-item__content\"  href=\"https:\/\/numaas.fr\/index.php\/offres\/\"><span class=\"wp-block-navigation-item__label\">Offres<\/span><\/a><\/li><\/ul><ul class=\"wp-block-navigation__container has-small-font-size items-justified-center is-vertical no-wrap wp-block-navigation has-small-font-size\"><li class=\"has-small-font-size wp-block-navigation-item wp-block-navigation-link\"><a class=\"wp-block-navigation-item__content\"  href=\"https:\/\/numaas.fr\/index.php\/contact\/\"><span class=\"wp-block-navigation-item__label\">Contact<\/span><\/a><\/li><li class=\"has-small-font-size wp-block-navigation-item wp-block-navigation-link\"><a class=\"wp-block-navigation-item__content\"  href=\"https:\/\/numaas.fr\/index.php\/mentions-legales\/\"><span class=\"wp-block-navigation-item__label\">Mentions l\u00e9gales<\/span><\/a><\/li><li class=\"has-small-font-size wp-block-navigation-item wp-block-navigation-link\"><a class=\"wp-block-navigation-item__content\"  href=\"https:\/\/numaas.fr\/index.php\/politique-de-confidentialite\/\"><span class=\"wp-block-navigation-item__label\">Politique de confidentialit\u00e9<\/span><\/a><\/li><\/ul><\/nav>\n\n\n<div style=\"height:24px\" aria-hidden=\"true\" class=\"wp-block-spacer\"><\/div>\n<\/div>\n\n\n\n<div class=\"wp-block-column has-nv-site-bg-color has-text-color has-link-color wp-elements-1c1c827f44cac58f2a12ea2bd3a96ef8 is-layout-flow wp-block-column-is-layout-flow\">\n<p class=\"has-text-align-center\">Contact<\/p>\n\n\n\n<div class=\"wp-block-group is-vertical is-content-justification-center is-layout-flex wp-container-core-group-is-layout-bdd043ae wp-block-group-is-layout-flex\">\n<p><a href=\"http:\/\/www.linkedin.com\/in\/jessica-daunois-calon-412020151\">LinkedIn<\/a><\/p>\n\n\n\n<p><a href=\"https:\/\/numaas.fr\/index.php\/contact\/\">Contact<\/a><\/p>\n<\/div>\n\n\n\n<div style=\"height:24px\" aria-hidden=\"true\" class=\"wp-block-spacer\"><\/div>\n<\/div>\n<\/div>\n\n\n\n<div class=\"wp-block-group alignwide is-content-justification-center is-layout-flex wp-container-core-group-is-layout-5590e8cb wp-block-group-is-layout-flex\">\n<p class=\"has-nv-site-bg-color has-text-color has-link-color wp-elements-9fa2b95de6fd8b4633ebff014c24689f\"><strong>\u00a9 2024 Copyright &#8211; NumaaS  cr\u00e9\u00e9 par Jessica Daunois-Calon  &#8211;  Droits r\u00e9serv\u00e9s<\/strong><\/p>\n<\/div>\n<\/div>\n","protected":false},"excerpt":{"rendered":"<p>NumaaS Le Forum33 Boulevard du G\u00e9n\u00e9ral Leclerc06240 Beausoleil Pages Contact LinkedIn Contact \u00a9 2024 Copyright &#8211; NumaaS cr\u00e9\u00e9 par Jessica Daunois-Calon &#8211; Droits r\u00e9serv\u00e9s<\/p>\n","protected":false},"author":2,"featured_media":0,"parent":0,"menu_order":0,"comment_status":"closed","ping_status":"closed","template":"","meta":{"neve_meta_sidebar":"","neve_meta_container":"","neve_meta_enable_content_width":"","neve_meta_content_width":0,"neve_meta_title_alignment":"","neve_meta_author_avatar":"","neve_post_elements_order":"","neve_meta_disable_header":"","neve_meta_disable_footer":"on","neve_meta_disable_title":"on","_themeisle_gutenberg_block_has_review":false,"footnotes":""},"class_list":["post-1365","page","type-page","status-publish","hentry"],"_links":{"self":[{"href":"https:\/\/numaas.fr\/index.php\/wp-json\/wp\/v2\/pages\/1365","targetHints":{"allow":["GET"]}}],"collection":[{"href":"https:\/\/numaas.fr\/index.php\/wp-json\/wp\/v2\/pages"}],"about":[{"href":"https:\/\/numaas.fr\/index.php\/wp-json\/wp\/v2\/types\/page"}],"author":[{"embeddable":true,"href":"https:\/\/numaas.fr\/index.php\/wp-json\/wp\/v2\/users\/2"}],"replies":[{"embeddable":true,"href":"https:\/\/numaas.fr\/index.php\/wp-json\/wp\/v2\/comments?post=1365"}],"version-history":[{"count":9,"href":"https:\/\/numaas.fr\/index.php\/wp-json\/wp\/v2\/pages\/1365\/revisions"}],"predecessor-version":[{"id":1646,"href":"https:\/\/numaas.fr\/index.php\/wp-json\/wp\/v2\/pages\/1365\/revisions\/1646"}],"wp:attachment":[{"href":"https:\/\/numaas.fr\/index.php\/wp-json\/wp\/v2\/media?parent=1365"}],"curies":[{"name":"wp","href":"https:\/\/api.w.org\/{rel}","templated":true}]}}