{"id":1374,"date":"2024-08-16T14:17:49","date_gmt":"2024-08-16T12:17:49","guid":{"rendered":"https:\/\/numaas.fr\/?page_id=1374"},"modified":"2024-08-26T09:26:37","modified_gmt":"2024-08-26T07:26:37","slug":"mentions-legales","status":"publish","type":"page","link":"https:\/\/numaas.fr\/index.php\/mentions-legales\/","title":{"rendered":"Mentions l\u00e9gales"},"content":{"rendered":"\n<div class=\"wp-block-media-text has-media-on-the-right is-stacked-on-mobile\" style=\"grid-template-columns:auto 26%\"><div class=\"wp-block-media-text__content\">\n<h1 class=\"wp-block-heading has-text-align-left has-nv-dark-bg-color has-text-color has-link-color wp-elements-7cbf42dba3f3530d6ea5f779a7b41e32\">Mentions l\u00e9gales<\/h1>\n<\/div><figure class=\"wp-block-media-text__media\"><img loading=\"lazy\" decoding=\"async\" width=\"428\" height=\"470\" src=\"http:\/\/numaas.fr\/wp-content\/uploads\/2024\/08\/LOGO-PRINCIPAL-COULEURS-160x160px-JPG-print.jpg\" alt=\"\" class=\"wp-image-1423 size-full\" srcset=\"https:\/\/numaas.fr\/wp-content\/uploads\/2024\/08\/LOGO-PRINCIPAL-COULEURS-160x160px-JPG-print.jpg 428w, https:\/\/numaas.fr\/wp-content\/uploads\/2024\/08\/LOGO-PRINCIPAL-COULEURS-160x160px-JPG-print-273x300.jpg 273w\" sizes=\"auto, (max-width: 428px) 100vw, 428px\" \/><\/figure><\/div>\n\n\n\n<h3 class=\"wp-block-heading\"><strong>\u00c9DITEUR DU SITE WEB<\/strong><\/h3>\n\n\n\n<p>Le site internet est \u00e9dit\u00e9 par Jessica DAUNOIS-CALON via WordPress<br>Pour toute demande concernant le site internet  Http:\/\/numaas.fr vous pouvez me contacter par t\u00e9l\u00e9phone au 0615051122  ou par e-mail \u00e0  jdaunois-calon@numaas.fr <\/p>\n\n\n\n<p><strong>CR\u00c9DITS<\/strong><\/p>\n\n\n\n<p>Ce site a \u00e9t\u00e9 r\u00e9alis\u00e9 avec la solution WordPress : <a href=\"https:\/\/wordpress.com\/fr\/\">https:\/\/wordpress.com\/fr\/<\/a><\/p>\n\n\n\n<p><strong>H\u00c9BERGEUR DU SITE WEB<\/strong><\/p>\n\n\n\n<p>SAS OVH<br>2 rue Kellermann \u2013 59100 Roubaix \u2013 France<br>SAS au capital de 10 069 020 \u20ac<br>RCS Lille M\u00e9tropole 424 761 419 00045<br>Code APE 2620Z<br>N\u00b0 TVA : FR 22-424-761-419<\/p>\n\n\n\n<h3 class=\"wp-block-heading\"><strong>PROPRIETE INTELECTUELLE <\/strong><\/h3>\n\n\n\n<p>Les \u00e9l\u00e9ments graphiques que sont les diff\u00e9rents logos, ainsi que le nom NumaaS sont prot\u00e9g\u00e9s par des droits d&#8217;auteurs, toute reproduction est interdite.<br><br><strong>GRAPHISME IDENTIE VISUELLE<\/strong><\/p>\n\n\n\n<p>Les \u00e9l\u00e9ments graphiques ont \u00e9t\u00e9 cr\u00e9\u00e9s par Aukw\u00eb  : <a href=\"https:\/\/aukwe.com\/\">https:\/\/aukwe.com\/<\/a> <br><br><strong>CREDIT PHOTOGRAPHIQUE<\/strong><\/p>\n\n\n\n<p>Les \u00e9l\u00e9ments visuels repr\u00e9sentant Jessica DAUNOIS-CALON  sont prot\u00e9g\u00e9s par des droits d&#8217;auteur et droits \u00e0 l&#8217;image, toute reproduction est interdite.<br><\/p>\n\n\n\n<div class=\"wp-block-group alignfull has-background-color has-white-color has-black-background-color has-text-color has-background has-link-color wp-elements-f77e7b4a0a64d5fd06a2be3b0108b4ce is-vertical is-content-justification-center is-layout-flex wp-container-core-group-is-layout-8adbaf51 wp-block-group-is-layout-flex\" style=\"min-height:40vh;margin-top:0;margin-bottom:0;padding-top:var(--wp--preset--spacing--60);padding-right:var(--wp--preset--spacing--40);padding-bottom:var(--wp--preset--spacing--60);padding-left:var(--wp--preset--spacing--40)\">\n<div class=\"wp-block-columns alignwide has-small-font-size is-layout-flex wp-container-core-columns-is-layout-9d6595d7 wp-block-columns-is-layout-flex\">\n<div class=\"wp-block-column is-layout-flow wp-block-column-is-layout-flow\">\n<p class=\"has-text-align-center has-nv-site-bg-color has-text-color has-link-color wp-elements-d7b3c10dd81cf35a87fe1076196ddb70\">NumaaS<\/p>\n\n\n\n<p class=\"has-text-align-center has-nv-site-bg-color has-text-color has-link-color wp-elements-957abe6491366ccf2e02365f429f5c96\">Le Forum<br>33 Boulevard du G\u00e9n\u00e9ral Leclerc<br>06240 Beausoleil<\/p>\n\n\n\n<div style=\"height:24px\" aria-hidden=\"true\" class=\"wp-block-spacer\"><\/div>\n<\/div>\n\n\n\n<div class=\"wp-block-column has-nv-site-bg-color has-text-color has-link-color wp-elements-2d33abd1cee0032be9017516ea4cf5bb is-layout-flow wp-block-column-is-layout-flow\">\n<p class=\"has-text-align-center\">Pages<\/p>\n\n\n<nav class=\"has-small-font-size items-justified-center is-vertical no-wrap wp-block-navigation is-content-justification-center is-nowrap is-layout-flex wp-container-core-navigation-is-layout-685400d0 wp-block-navigation-is-layout-flex\" aria-label=\"marketing-agency-main-menu\"><ul class=\"wp-block-navigation__container has-small-font-size items-justified-center is-vertical no-wrap wp-block-navigation has-small-font-size\"><li class=\"has-small-font-size wp-block-navigation-item  menu-item menu-item-type-post_type menu-item-object-page menu-item-home wp-block-navigation-link\"><a class=\"wp-block-navigation-item__content\"  href=\"https:\/\/numaas.fr\/\" title=\"\"><span class=\"wp-block-navigation-item__label\">Home<\/span><\/a><\/li><li class=\"has-small-font-size wp-block-navigation-item wp-block-navigation-link\"><a class=\"wp-block-navigation-item__content\"  href=\"https:\/\/numaas.fr\/index.php\/a-propos\/\"><span class=\"wp-block-navigation-item__label\">A propos de moi<\/span><\/a><\/li><li class=\"has-small-font-size wp-block-navigation-item wp-block-navigation-link\"><a class=\"wp-block-navigation-item__content\"  href=\"https:\/\/numaas.fr\/index.php\/catalogue-de-service\/\"><span class=\"wp-block-navigation-item__label\">Catalogue de services<\/span><\/a><\/li><li class=\"has-small-font-size wp-block-navigation-item wp-block-navigation-link\"><a class=\"wp-block-navigation-item__content\"  href=\"https:\/\/numaas.fr\/index.php\/dsi\/\"><span class=\"wp-block-navigation-item__label\">DSI Partag\u00e9<\/span><\/a><\/li><li class=\"has-small-font-size wp-block-navigation-item wp-block-navigation-link\"><a class=\"wp-block-navigation-item__content\"  href=\"https:\/\/numaas.fr\/index.php\/assistance\/\"><span class=\"wp-block-navigation-item__label\">Assistance au Pilotage de la DSI<\/span><\/a><\/li><li class=\"has-small-font-size wp-block-navigation-item wp-block-navigation-link\"><a class=\"wp-block-navigation-item__content\"  href=\"https:\/\/numaas.fr\/index.php\/pmo\/\"><span class=\"wp-block-navigation-item__label\">PMO<\/span><\/a><\/li><li class=\"has-small-font-size wp-block-navigation-item wp-block-navigation-link\"><a class=\"wp-block-navigation-item__content\"  href=\"https:\/\/numaas.fr\/index.php\/chefferie-de-projet\/\"><span class=\"wp-block-navigation-item__label\">Chefferie de projet<\/span><\/a><\/li><li class=\"has-small-font-size wp-block-navigation-item wp-block-navigation-link\"><a class=\"wp-block-navigation-item__content\"  href=\"https:\/\/numaas.fr\/index.php\/etudes-et-remediations\/\"><span class=\"wp-block-navigation-item__label\">Etudes et rem\u00e9diations<\/span><\/a><\/li><li class=\"has-small-font-size wp-block-navigation-item wp-block-navigation-link\"><a class=\"wp-block-navigation-item__content\"  href=\"https:\/\/numaas.fr\/index.php\/offres\/\"><span class=\"wp-block-navigation-item__label\">Offres<\/span><\/a><\/li><\/ul><ul class=\"wp-block-navigation__container has-small-font-size items-justified-center is-vertical no-wrap wp-block-navigation has-small-font-size\"><li class=\"has-small-font-size wp-block-navigation-item wp-block-navigation-link\"><a class=\"wp-block-navigation-item__content\"  href=\"https:\/\/numaas.fr\/index.php\/contact\/\"><span class=\"wp-block-navigation-item__label\">Contact<\/span><\/a><\/li><li class=\"has-small-font-size wp-block-navigation-item wp-block-navigation-link\"><a class=\"wp-block-navigation-item__content\"  href=\"https:\/\/numaas.fr\/index.php\/mentions-legales\/\"><span class=\"wp-block-navigation-item__label\">Mentions l\u00e9gales<\/span><\/a><\/li><li class=\"has-small-font-size wp-block-navigation-item wp-block-navigation-link\"><a class=\"wp-block-navigation-item__content\"  href=\"https:\/\/numaas.fr\/index.php\/politique-de-confidentialite\/\"><span class=\"wp-block-navigation-item__label\">Politique de confidentialit\u00e9<\/span><\/a><\/li><\/ul><\/nav>\n\n\n<div style=\"height:24px\" aria-hidden=\"true\" class=\"wp-block-spacer\"><\/div>\n<\/div>\n\n\n\n<div class=\"wp-block-column has-nv-site-bg-color has-text-color has-link-color wp-elements-1c1c827f44cac58f2a12ea2bd3a96ef8 is-layout-flow wp-block-column-is-layout-flow\">\n<p class=\"has-text-align-center\">Contact<\/p>\n\n\n\n<div class=\"wp-block-group is-vertical is-content-justification-center is-layout-flex wp-container-core-group-is-layout-bdd043ae wp-block-group-is-layout-flex\">\n<p><a href=\"http:\/\/www.linkedin.com\/in\/jessica-daunois-calon-412020151\">LinkedIn<\/a><\/p>\n\n\n\n<p><a href=\"https:\/\/numaas.fr\/index.php\/contact\/\">Contact<\/a><\/p>\n<\/div>\n\n\n\n<div style=\"height:24px\" aria-hidden=\"true\" class=\"wp-block-spacer\"><\/div>\n<\/div>\n<\/div>\n\n\n\n<div class=\"wp-block-group alignwide is-content-justification-center is-layout-flex wp-container-core-group-is-layout-5590e8cb wp-block-group-is-layout-flex\">\n<p class=\"has-nv-site-bg-color has-text-color has-link-color wp-elements-9fa2b95de6fd8b4633ebff014c24689f\"><strong>\u00a9 2024 Copyright &#8211; NumaaS  cr\u00e9\u00e9 par Jessica Daunois-Calon  &#8211;  Droits r\u00e9serv\u00e9s<\/strong><\/p>\n<\/div>\n<\/div>\n","protected":false},"excerpt":{"rendered":"<p>Mentions l\u00e9gales \u00c9DITEUR DU SITE WEB Le site internet est \u00e9dit\u00e9 par Jessica DAUNOIS-CALON via WordPressPour toute demande concernant le site internet Http:\/\/numaas.fr vous pouvez me contacter par t\u00e9l\u00e9phone au 0615051122 ou par e-mail \u00e0 jdaunois-calon@numaas.fr CR\u00c9DITS Ce site a \u00e9t\u00e9 r\u00e9alis\u00e9 avec la solution WordPress : https:\/\/wordpress.com\/fr\/ H\u00c9BERGEUR DU SITE WEB SAS OVH2 rue&hellip;&nbsp;<a href=\"https:\/\/numaas.fr\/index.php\/mentions-legales\/\" class=\"\" rel=\"bookmark\">Read More &raquo;<span class=\"screen-reader-text\">Mentions l\u00e9gales<\/span><\/a><\/p>\n","protected":false},"author":2,"featured_media":0,"parent":0,"menu_order":0,"comment_status":"closed","ping_status":"closed","template":"","meta":{"neve_meta_sidebar":"","neve_meta_container":"","neve_meta_enable_content_width":"","neve_meta_content_width":0,"neve_meta_title_alignment":"","neve_meta_author_avatar":"","neve_post_elements_order":"","neve_meta_disable_header":"","neve_meta_disable_footer":"on","neve_meta_disable_title":"on","_themeisle_gutenberg_block_has_review":false,"footnotes":""},"class_list":["post-1374","page","type-page","status-publish","hentry"],"_links":{"self":[{"href":"https:\/\/numaas.fr\/index.php\/wp-json\/wp\/v2\/pages\/1374","targetHints":{"allow":["GET"]}}],"collection":[{"href":"https:\/\/numaas.fr\/index.php\/wp-json\/wp\/v2\/pages"}],"about":[{"href":"https:\/\/numaas.fr\/index.php\/wp-json\/wp\/v2\/types\/page"}],"author":[{"embeddable":true,"href":"https:\/\/numaas.fr\/index.php\/wp-json\/wp\/v2\/users\/2"}],"replies":[{"embeddable":true,"href":"https:\/\/numaas.fr\/index.php\/wp-json\/wp\/v2\/comments?post=1374"}],"version-history":[{"count":8,"href":"https:\/\/numaas.fr\/index.php\/wp-json\/wp\/v2\/pages\/1374\/revisions"}],"predecessor-version":[{"id":1647,"href":"https:\/\/numaas.fr\/index.php\/wp-json\/wp\/v2\/pages\/1374\/revisions\/1647"}],"wp:attachment":[{"href":"https:\/\/numaas.fr\/index.php\/wp-json\/wp\/v2\/media?parent=1374"}],"curies":[{"name":"wp","href":"https:\/\/api.w.org\/{rel}","templated":true}]}}